{"id":3904,"date":"2025-01-27T05:25:07","date_gmt":"2025-01-27T05:25:07","guid":{"rendered":"https:\/\/vgrealty.com\/trang-trong\/"},"modified":"2025-06-26T11:25:38","modified_gmt":"2025-06-26T11:25:38","slug":"trang-trong","status":"publish","type":"page","link":"https:\/\/vgrealty.com\/vi\/trang-trong\/","title":{"rendered":"Trang tr\u1ed1ng"},"content":{"rendered":"\t\t<div data-elementor-type=\"wp-page\" data-elementor-id=\"3904\" class=\"elementor elementor-3904 elementor-2739\" data-elementor-post-type=\"page\">\n\t\t\t\t<div class=\"elementor-element elementor-element-cd0b53a e-flex e-con-boxed e-con e-parent\" data-id=\"cd0b53a\" data-element_type=\"container\" data-e-type=\"container\" data-settings=\"{&quot;background_background&quot;:&quot;classic&quot;}\">\n\t\t\t\t\t<div class=\"e-con-inner\">\n\t\t\t\t<div class=\"elementor-element elementor-element-ddbf5ed elementor-widget elementor-widget-heading\" data-id=\"ddbf5ed\" data-element_type=\"widget\" data-e-type=\"widget\" data-widget_type=\"heading.default\">\n\t\t\t\t<div class=\"elementor-widget-container\">\n\t\t\t\t\t<h1 class=\"elementor-heading-title elementor-size-default\">Ti\u00eau \u0111\u1ec1<\/h1>\t\t\t\t<\/div>\n\t\t\t\t<\/div>\n\t\t\t\t\t<\/div>\n\t\t\t\t<\/div>\n\t\t<div class=\"elementor-element elementor-element-df43fc8 e-flex e-con-boxed e-con e-parent\" data-id=\"df43fc8\" data-element_type=\"container\" data-e-type=\"container\" data-settings=\"{&quot;background_background&quot;:&quot;classic&quot;}\">\n\t\t\t\t\t<div class=\"e-con-inner\">\n\t\t<div class=\"elementor-element elementor-element-08eb2ed e-con-full e-flex e-con e-child\" data-id=\"08eb2ed\" data-element_type=\"container\" data-e-type=\"container\">\n\t\t\t\t<div class=\"elementor-element elementor-element-dd450e0 elementor-widget elementor-widget-heading\" data-id=\"dd450e0\" data-element_type=\"widget\" data-e-type=\"widget\" data-widget_type=\"heading.default\">\n\t\t\t\t<div class=\"elementor-widget-container\">\n\t\t\t\t\t<h3 class=\"elementor-heading-title elementor-size-default\">Ti\u00eau \u0111\u1ec1 l\u1edbn \u1edf \u0111\u00e2y<\/h3>\t\t\t\t<\/div>\n\t\t\t\t<\/div>\n\t\t\t\t<div class=\"elementor-element elementor-element-8976030 elementor-widget elementor-widget-text-editor\" data-id=\"8976030\" data-element_type=\"widget\" data-e-type=\"widget\" data-widget_type=\"text-editor.default\">\n\t\t\t\t<div class=\"elementor-widget-container\">\n\t\t\t\t\t\t\t\t\tB\u1ea5t \u0111\u1ed9ng s\u1ea3n \u0111\u1ea7u t\u01b0 cung c\u1ea5p nh\u1eefng c\u01a1 h\u1ed9i \u0111\u1eb7c bi\u1ec7t \u0111\u1ec3 x\u00e2y d\u1ef1ng s\u1ef1 gi\u00e0u c\u00f3, t\u1ea1o ra thu nh\u1eadp th\u1ee5 \u0111\u1ed9ng v\u00e0 \u0111\u1ea1t \u0111\u01b0\u1ee3c c\u00e1c m\u1ee5c ti\u00eau t\u00e0i ch\u00ednh d\u00e0i h\u1ea1n. VG Realty chuy\u00ean gi\u00fap kh\u00e1ch h\u00e0ng x\u00e1c \u0111\u1ecbnh, \u0111\u00e1nh gi\u00e1 v\u00e0 \u0111\u1ea3m b\u1ea3o c\u00e1c c\u01a1 h\u1ed9i \u0111\u1ea7u t\u01b0 hi\u1ec7u su\u1ea5t cao tr\u00ean nhi\u1ec1u lo\u1ea1i t\u00e0i s\u1ea3n kh\u00e1c nhau. Cho d\u00f9 b\u1ea1n \u0111ang mua b\u1ea5t \u0111\u1ed9ng s\u1ea3n t\u1ea1o ra thu nh\u1eadp \u0111\u1ea7u ti\u00ean, m\u1edf r\u1ed9ng danh m\u1ee5c \u0111\u1ea7u t\u01b0 hay t\u00ecm ki\u1ebfm c\u00e1c chi\u1ebfn l\u01b0\u1ee3c \u0111\u1ec3 t\u1ed1i \u01b0u h\u00f3a l\u1ee3i nhu\u1eadn, nh\u00f3m c\u1ee7a ch\u00fang t\u00f4i cung c\u1ea5p h\u01b0\u1edbng d\u1eabn chuy\u00ean m\u00f4n ph\u00f9 h\u1ee3p v\u1edbi c\u00e1c m\u1ee5c ti\u00eau t\u00e0i ch\u00ednh c\u1ee7a b\u1ea1n.  \t\t\t\t\t\t\t\t<\/div>\n\t\t\t\t<\/div>\n\t\t\t\t<div class=\"elementor-element elementor-element-0c10d24 check-li elementor-widget elementor-widget-text-editor\" data-id=\"0c10d24\" data-element_type=\"widget\" data-e-type=\"widget\" data-widget_type=\"text-editor.default\">\n\t\t\t\t<div class=\"elementor-widget-container\">\n\t\t\t\t\t\t\t\t\tV\u1edbi ngu\u1ed3n l\u1ef1c r\u1ed9ng l\u1edbn c\u1ee7a KW Commercial Retail Properties, ch\u00fang t\u00f4i k\u1ebft h\u1ee3p hi\u1ec3u bi\u1ebft s\u00e2u s\u1eafc v\u1ec1 th\u1ecb tr\u01b0\u1eddng, ph\u00e2n t\u00edch t\u00e0i ch\u00ednh v\u00e0 k\u1ebft n\u1ed1i trong ng\u00e0nh \u0111\u1ec3 \u0111\u01b0a ra c\u00e1c gi\u1ea3i ph\u00e1p th\u00fac \u0111\u1ea9y k\u1ebft qu\u1ea3. T\u1eeb th\u1ea9m \u0111\u1ecbnh v\u00e0 \u0111\u00e1nh gi\u00e1 r\u1ee7i ro \u0111\u1ebfn c\u00e1c chi\u1ebfn l\u01b0\u1ee3c mua l\u1ea1i v\u00e0 qu\u1ea3n l\u00fd b\u1ea5t \u0111\u1ed9ng s\u1ea3n, VG Realty h\u1ee3p t\u00e1c v\u1edbi b\u1ea1n trong m\u1ecdi b\u01b0\u1edbc \u0111\u1ec3 \u0111\u1ea3m b\u1ea3o kho\u1ea3n \u0111\u1ea7u t\u01b0 c\u1ee7a b\u1ea1n \u0111\u01b0\u1ee3c \u0111\u1ecbnh v\u1ecb t\u1ed1t \u0111\u1ec3 th\u00e0nh c\u00f4ng. V\u1edbi c\u00e1ch ti\u1ebfp c\u1eadn \u0111\u01b0\u1ee3c c\u00e1 nh\u00e2n h\u00f3a v\u00e0 cam k\u1ebft h\u01b0\u1edbng \u0111\u1ebfn s\u1ef1 xu\u1ea5t s\u1eafc, VG Realty l\u00e0 \u0111\u1ed3ng minh \u0111\u00e1ng tin c\u1eady c\u1ee7a b\u1ea1n trong vi\u1ec7c \u0111\u1ea1t \u0111\u01b0\u1ee3c th\u00e0nh c\u00f4ng l\u00e2u d\u00e0i tr\u00ean th\u1ecb tr\u01b0\u1eddng b\u1ea5t \u0111\u1ed9ng s\u1ea3n \u0111\u1ea7u t\u01b0.  \t\t\t\t\t\t\t\t<\/div>\n\t\t\t\t<\/div>\n\t\t\t\t<div class=\"elementor-element elementor-element-6704ee6 contact-svg elementor-widget elementor-widget-button\" data-id=\"6704ee6\" data-element_type=\"widget\" data-e-type=\"widget\" data-widget_type=\"button.default\">\n\t\t\t\t<div class=\"elementor-widget-container\">\n\t\t\t\t\t\t\t\t\t<div class=\"elementor-button-wrapper\">\n\t\t\t\t\t<a class=\"elementor-button elementor-button-link elementor-size-sm\" href=\"https:\/\/vgrealty.com\/contact\/\">\n\t\t\t\t\t\t<span class=\"elementor-button-content-wrapper\">\n\t\t\t\t\t\t<span class=\"elementor-button-icon\">\n\t\t\t\t<svg xmlns=\"http:\/\/www.w3.org\/2000\/svg\" width=\"42\" height=\"43\" viewBox=\"0 0 42 43\" fill=\"none\"><circle cx=\"21\" cy=\"21.5\" r=\"21\" fill=\"white\" fill-opacity=\"0.2\"><\/circle><g clip-path=\"url(#clip0_471_310)\"><path d=\"M31.9842 9.53956L9.53297 16.8757C8.89892 17.0829 8.80722 17.9454 9.38428 18.2809L17.8688 23.2145C18.1365 23.3701 18.471 23.3514 18.7195 23.1668L21.1046 21.3955L19.3334 23.7806C19.1488 24.0292 19.13 24.3637 19.2856 24.6314L24.2192 33.1159C24.5551 33.6934 25.4174 33.6007 25.6244 32.9672L32.9606 10.516C33.1574 9.91315 32.5841 9.3434 31.9842 9.53956ZM24.6892 30.8439L20.8806 24.2941L25.4731 18.1101C25.7019 17.8018 25.6704 17.3725 25.399 17.1011C25.1276 16.8296 24.6981 16.7981 24.39 17.0269L18.206 21.6195L11.6562 17.8108L31.0149 11.4852L24.6892 30.8439ZM17.1284 26.4665L11.988 31.6069C11.6857 31.9091 11.1955 31.9092 10.8932 31.6069C10.5908 31.3046 10.5908 30.8144 10.8932 30.512L16.0336 25.3716C16.336 25.0694 16.8262 25.0693 17.1284 25.3716C17.4308 25.6739 17.4308 26.1641 17.1284 26.4665ZM10.3375 26.661C10.0351 26.3586 10.0351 25.8685 10.3375 25.5661L12.3658 23.5377C12.6682 23.2354 13.1584 23.2354 13.4607 23.5377C13.763 23.8401 13.763 24.3303 13.4607 24.6326L11.4323 26.661C11.1301 26.9632 10.6398 26.9633 10.3375 26.661ZM18.9623 29.0394C19.2647 29.3417 19.2647 29.8319 18.9623 30.1342L16.9339 32.1625C16.7828 32.3137 16.5846 32.3893 16.3865 32.3893C15.703 32.3893 15.3501 31.5567 15.8391 31.0677L17.8675 29.0394C18.1698 28.737 18.66 28.737 18.9623 29.0394Z\" fill=\"white\" fill-opacity=\"0.5\"><\/path><\/g><defs><clipPath id=\"clip0_471_310\"><rect width=\"24\" height=\"24\" fill=\"white\" transform=\"translate(9 9.5)\"><\/rect><\/clipPath><\/defs><\/svg>\t\t\t<\/span>\n\t\t\t\t\t\t\t\t\t<span class=\"elementor-button-text\">Li\u00ean h\u1ec7 v\u1edbi ch\u00fang t\u00f4i<\/span>\n\t\t\t\t\t<\/span>\n\t\t\t\t\t<\/a>\n\t\t\t\t<\/div>\n\t\t\t\t\t\t\t\t<\/div>\n\t\t\t\t<\/div>\n\t\t\t\t<\/div>\n\t\t\t\t\t<\/div>\n\t\t\t\t<\/div>\n\t\t<div class=\"elementor-element elementor-element-2eac182 gerenal_wrapper e-flex e-con-boxed e-con e-parent\" data-id=\"2eac182\" data-element_type=\"container\" data-e-type=\"container\">\n\t\t\t\t\t<div class=\"e-con-inner\">\n\t\t<div class=\"elementor-element elementor-element-6964e22 e-con-full e-flex e-con e-child\" data-id=\"6964e22\" data-element_type=\"container\" data-e-type=\"container\">\n\t\t\t\t<div class=\"elementor-element elementor-element-86e3742 check-li elementor-widget elementor-widget-text-editor\" data-id=\"86e3742\" data-element_type=\"widget\" data-e-type=\"widget\" data-widget_type=\"text-editor.default\">\n\t\t\t\t<div class=\"elementor-widget-container\">\n\t\t\t\t\t\t\t\t\t<ul><li><strong>D\u1ecbch v\u1ee5 cho ng\u01b0\u1eddi thu\u00ea<\/strong> T\u00f4i l\u00e0m vi\u1ec7c ch\u1eb7t ch\u1ebd v\u1edbi kh\u00e1ch h\u00e0ng c\u1ee7a m\u00ecnh \u0111\u1ec3 x\u00e1c \u0111\u1ecbnh nhu c\u1ea7u v\u1ec1 kh\u00f4ng gian hi\u1ec7n t\u1ea1i v\u00e0 t\u01b0\u01a1ng lai c\u1ee7a h\u1ecd (Lo\u1ea1i kh\u00f4ng gian, V\u1ecb tr\u00ed, Ti\u1ec7n nghi c\u1ea7n thi\u1ebft, V\u1ecb tr\u00ed so v\u1edbi \u0111\u1ed1i th\u1ee7 c\u1ea1nh tranh, \u0110\u1eb7c \u0111i\u1ec3m khu v\u1ef1c th\u01b0\u01a1ng m\u1ea1i, Ng\u00e0y chuy\u1ec3n \u0111i, Nhu c\u1ea7u \u0111\u1eb7c bi\u1ec7t)<\/li><li><strong>D\u1ecbch v\u1ee5 cho ch\u1ee7 nh\u00e0:<\/strong> N\u1ec1n t\u1ea3ng ti\u1ebfp th\u1ecb v\u00e0 c\u00f4ng ngh\u1ec7 AI ti\u00ean ti\u1ebfn c\u1ee7a ch\u00fang t\u00f4i cho ph\u00e9p ch\u00fang t\u00f4i ti\u1ebfp c\u1eadn \u0111\u00fang ng\u01b0\u1eddi thu\u00ea nh\u00e0 v\u00e0 ng\u01b0\u1eddi mua cho b\u1ea5t \u0111\u1ed9ng s\u1ea3n c\u1ee7a kh\u00e1ch h\u00e0ng.<\/li><li><strong>L\u1ef1a ch\u1ecdn \u0111\u1ecba \u0111i\u1ec3m:<\/strong> Kinh nghi\u1ec7m v\u00e0 ki\u1ebfn th\u1ee9c c\u1ee7a ch\u00fang t\u00f4i gi\u00fap c\u00e1c nh\u00e0 ph\u00e1t tri\u1ec3n v\u00e0 nh\u00e0 b\u00e1n l\u1ebb \u0111\u1ea3m b\u1ea3o \u0111\u01b0\u1ee3c nh\u1eefng \u0111\u1ecba \u0111i\u1ec3m t\u1ed1t nh\u1ea5t. M\u1ea1ng l\u01b0\u1edbi quan h\u1ec7 m\u1ea1nh m\u1ebd c\u1ee7a ch\u00fang t\u00f4i tr\u00ean th\u1ecb tr\u01b0\u1eddng cho ph\u00e9p ch\u00fang t\u00f4i x\u00e1c \u0111\u1ecbnh \u0111\u01b0\u1ee3c c\u00e1c \u0111\u1ecba \u0111i\u1ec3m tr\u00ean th\u1ecb tr\u01b0\u1eddng, ngo\u00e0i th\u1ecb tr\u01b0\u1eddng v\u00e0 s\u1eafp t\u1edbi. <\/li><li><strong>D\u1ecbch v\u1ee5 mua l\u1ea1i\/thanh l\u00fd:<\/strong> C\u00e1c c\u00f4ng c\u1ee5 ti\u1ebfp th\u1ecb v\u00e0 t\u00ecm ki\u1ebfm kh\u00e1ch h\u00e0ng ti\u1ec1m n\u0103ng c\u1ee7a ch\u00fang t\u00f4i k\u1ebft h\u1ee3p v\u1edbi kh\u1ea3 n\u0103ng \u0111i\u1ec1u ch\u1ec9nh theo nhu c\u1ea7u cung c\u1ea7u c\u1ee7a th\u1ecb tr\u01b0\u1eddng. Cung c\u1ea5p cho kh\u00e1ch h\u00e0ng m\u1ee9c gi\u00e1 t\u1ed1t nh\u1ea5t v\u00e0 \u0111\u1ea1t \u0111\u01b0\u1ee3c m\u1ee5c ti\u00eau \u0111\u1ea7u t\u01b0 c\u1ee7a h\u1ecd. <\/li><\/ul>\t\t\t\t\t\t\t\t<\/div>\n\t\t\t\t<\/div>\n\t\t\t\t<div class=\"elementor-element elementor-element-044457f contact-svg elementor-widget elementor-widget-button\" data-id=\"044457f\" data-element_type=\"widget\" data-e-type=\"widget\" data-widget_type=\"button.default\">\n\t\t\t\t<div class=\"elementor-widget-container\">\n\t\t\t\t\t\t\t\t\t<div class=\"elementor-button-wrapper\">\n\t\t\t\t\t<a class=\"elementor-button elementor-button-link elementor-size-sm\" href=\"https:\/\/vgrealty.com\/contact\/\">\n\t\t\t\t\t\t<span class=\"elementor-button-content-wrapper\">\n\t\t\t\t\t\t<span class=\"elementor-button-icon\">\n\t\t\t\t<svg xmlns=\"http:\/\/www.w3.org\/2000\/svg\" width=\"42\" height=\"43\" viewBox=\"0 0 42 43\" fill=\"none\"><circle cx=\"21\" cy=\"21.5\" r=\"21\" fill=\"white\" fill-opacity=\"0.2\"><\/circle><g clip-path=\"url(#clip0_471_310)\"><path d=\"M31.9842 9.53956L9.53297 16.8757C8.89892 17.0829 8.80722 17.9454 9.38428 18.2809L17.8688 23.2145C18.1365 23.3701 18.471 23.3514 18.7195 23.1668L21.1046 21.3955L19.3334 23.7806C19.1488 24.0292 19.13 24.3637 19.2856 24.6314L24.2192 33.1159C24.5551 33.6934 25.4174 33.6007 25.6244 32.9672L32.9606 10.516C33.1574 9.91315 32.5841 9.3434 31.9842 9.53956ZM24.6892 30.8439L20.8806 24.2941L25.4731 18.1101C25.7019 17.8018 25.6704 17.3725 25.399 17.1011C25.1276 16.8296 24.6981 16.7981 24.39 17.0269L18.206 21.6195L11.6562 17.8108L31.0149 11.4852L24.6892 30.8439ZM17.1284 26.4665L11.988 31.6069C11.6857 31.9091 11.1955 31.9092 10.8932 31.6069C10.5908 31.3046 10.5908 30.8144 10.8932 30.512L16.0336 25.3716C16.336 25.0694 16.8262 25.0693 17.1284 25.3716C17.4308 25.6739 17.4308 26.1641 17.1284 26.4665ZM10.3375 26.661C10.0351 26.3586 10.0351 25.8685 10.3375 25.5661L12.3658 23.5377C12.6682 23.2354 13.1584 23.2354 13.4607 23.5377C13.763 23.8401 13.763 24.3303 13.4607 24.6326L11.4323 26.661C11.1301 26.9632 10.6398 26.9633 10.3375 26.661ZM18.9623 29.0394C19.2647 29.3417 19.2647 29.8319 18.9623 30.1342L16.9339 32.1625C16.7828 32.3137 16.5846 32.3893 16.3865 32.3893C15.703 32.3893 15.3501 31.5567 15.8391 31.0677L17.8675 29.0394C18.1698 28.737 18.66 28.737 18.9623 29.0394Z\" fill=\"white\" fill-opacity=\"0.5\"><\/path><\/g><defs><clipPath id=\"clip0_471_310\"><rect width=\"24\" height=\"24\" fill=\"white\" transform=\"translate(9 9.5)\"><\/rect><\/clipPath><\/defs><\/svg>\t\t\t<\/span>\n\t\t\t\t\t\t\t\t\t<span class=\"elementor-button-text\">Li\u00ean h\u1ec7 v\u1edbi ch\u00fang t\u00f4i<\/span>\n\t\t\t\t\t<\/span>\n\t\t\t\t\t<\/a>\n\t\t\t\t<\/div>\n\t\t\t\t\t\t\t\t<\/div>\n\t\t\t\t<\/div>\n\t\t\t\t<\/div>\n\t\t\t\t\t<\/div>\n\t\t\t\t<\/div>\n\t\t\t\t<\/div>\n\t\t","protected":false},"excerpt":{"rendered":"<p>Ti\u00eau \u0111\u1ec1 Ti\u00eau \u0111\u1ec1 l\u1edbn \u1edf \u0111\u00e2y B\u1ea5t \u0111\u1ed9ng s\u1ea3n \u0111\u1ea7u t\u01b0 cung c\u1ea5p nh\u1eefng c\u01a1 h\u1ed9i \u0111\u1eb7c bi\u1ec7t \u0111\u1ec3 [&hellip;]<\/p>\n","protected":false},"author":4,"featured_media":0,"parent":0,"menu_order":0,"comment_status":"closed","ping_status":"closed","template":"","meta":{"_acf_changed":false,"site-sidebar-layout":"no-sidebar","site-content-layout":"","ast-site-content-layout":"full-width-container","site-content-style":"default","site-sidebar-style":"default","ast-global-header-display":"","ast-banner-title-visibility":"","ast-main-header-display":"","ast-hfb-above-header-display":"","ast-hfb-below-header-display":"","ast-hfb-mobile-header-display":"","site-post-title":"disabled","ast-breadcrumbs-content":"","ast-featured-img":"disabled","footer-sml-layout":"","theme-transparent-header-meta":"","adv-header-id-meta":"","stick-header-meta":"","header-above-stick-meta":"","header-main-stick-meta":"","header-below-stick-meta":"","astra-migrate-meta-layouts":"default","ast-page-background-enabled":"default","ast-page-background-meta":{"desktop":{"background-color":"var(--ast-global-color-4)","background-image":"","background-repeat":"repeat","background-position":"center center","background-size":"auto","background-attachment":"scroll","background-type":"","background-media":"","overlay-type":"","overlay-color":"","overlay-opacity":"","overlay-gradient":""},"tablet":{"background-color":"","background-image":"","background-repeat":"repeat","background-position":"center center","background-size":"auto","background-attachment":"scroll","background-type":"","background-media":"","overlay-type":"","overlay-color":"","overlay-opacity":"","overlay-gradient":""},"mobile":{"background-color":"","background-image":"","background-repeat":"repeat","background-position":"center center","background-size":"auto","background-attachment":"scroll","background-type":"","background-media":"","overlay-type":"","overlay-color":"","overlay-opacity":"","overlay-gradient":""}},"ast-content-background-meta":{"desktop":{"background-color":"var(--ast-global-color-5)","background-image":"","background-repeat":"repeat","background-position":"center center","background-size":"auto","background-attachment":"scroll","background-type":"","background-media":"","overlay-type":"","overlay-color":"","overlay-opacity":"","overlay-gradient":""},"tablet":{"background-color":"var(--ast-global-color-5)","background-image":"","background-repeat":"repeat","background-position":"center center","background-size":"auto","background-attachment":"scroll","background-type":"","background-media":"","overlay-type":"","overlay-color":"","overlay-opacity":"","overlay-gradient":""},"mobile":{"background-color":"var(--ast-global-color-5)","background-image":"","background-repeat":"repeat","background-position":"center center","background-size":"auto","background-attachment":"scroll","background-type":"","background-media":"","overlay-type":"","overlay-color":"","overlay-opacity":"","overlay-gradient":""}},"footnotes":""},"class_list":["post-3904","page","type-page","status-publish","hentry"],"acf":[],"yoast_head":"<!-- This site is optimized with the Yoast SEO plugin v27.5 - https:\/\/yoast.com\/product\/yoast-seo-wordpress\/ -->\n<title>Trang tr\u1ed1ng - Vandan Gandhi, CCIM<\/title>\n<meta name=\"robots\" content=\"index, follow, max-snippet:-1, max-image-preview:large, max-video-preview:-1\" \/>\n<link rel=\"canonical\" href=\"https:\/\/vgrealty.com\/vi\/trang-trong\/\" \/>\n<meta property=\"og:locale\" content=\"vi_VN\" \/>\n<meta property=\"og:type\" content=\"article\" \/>\n<meta property=\"og:title\" content=\"Trang tr\u1ed1ng - Vandan Gandhi, CCIM\" \/>\n<meta property=\"og:description\" content=\"Ti\u00eau \u0111\u1ec1 Ti\u00eau \u0111\u1ec1 l\u1edbn \u1edf \u0111\u00e2y B\u1ea5t \u0111\u1ed9ng s\u1ea3n \u0111\u1ea7u t\u01b0 cung c\u1ea5p nh\u1eefng c\u01a1 h\u1ed9i \u0111\u1eb7c bi\u1ec7t \u0111\u1ec3 [&hellip;]\" \/>\n<meta property=\"og:url\" content=\"https:\/\/vgrealty.com\/vi\/trang-trong\/\" \/>\n<meta property=\"og:site_name\" content=\"Vandan Gandhi, CCIM\" \/>\n<meta property=\"article:modified_time\" content=\"2025-06-26T11:25:38+00:00\" \/>\n<meta name=\"twitter:card\" content=\"summary_large_image\" \/>\n<meta name=\"twitter:label1\" content=\"Est. reading time\" \/>\n\t<meta name=\"twitter:data1\" content=\"4 minutes\" \/>\n<script type=\"application\/ld+json\" class=\"yoast-schema-graph\">{\"@context\":\"https:\\\/\\\/schema.org\",\"@graph\":[{\"@type\":\"WebPage\",\"@id\":\"https:\\\/\\\/vgrealty.com\\\/vi\\\/trang-trong\\\/\",\"url\":\"https:\\\/\\\/vgrealty.com\\\/vi\\\/trang-trong\\\/\",\"name\":\"Trang tr\u1ed1ng - Vandan Gandhi, CCIM\",\"isPartOf\":{\"@id\":\"https:\\\/\\\/vgrealty.com\\\/vi\\\/#website\"},\"datePublished\":\"2025-01-27T05:25:07+00:00\",\"dateModified\":\"2025-06-26T11:25:38+00:00\",\"breadcrumb\":{\"@id\":\"https:\\\/\\\/vgrealty.com\\\/vi\\\/trang-trong\\\/#breadcrumb\"},\"inLanguage\":\"vi-VN\",\"potentialAction\":[{\"@type\":\"ReadAction\",\"target\":[\"https:\\\/\\\/vgrealty.com\\\/vi\\\/trang-trong\\\/\"]}]},{\"@type\":\"BreadcrumbList\",\"@id\":\"https:\\\/\\\/vgrealty.com\\\/vi\\\/trang-trong\\\/#breadcrumb\",\"itemListElement\":[{\"@type\":\"ListItem\",\"position\":1,\"name\":\"Trang ch\u1ee7\",\"item\":\"https:\\\/\\\/vgrealty.com\\\/vi\\\/\"},{\"@type\":\"ListItem\",\"position\":2,\"name\":\"Trang tr\u1ed1ng\"}]},{\"@type\":\"WebSite\",\"@id\":\"https:\\\/\\\/vgrealty.com\\\/vi\\\/#website\",\"url\":\"https:\\\/\\\/vgrealty.com\\\/vi\\\/\",\"name\":\"Vandan Gandhi, CCIM\",\"description\":\"\u0110\u1ed1i t\u00e1c b\u1ea5t \u0111\u1ed9ng s\u1ea3n th\u01b0\u01a1ng m\u1ea1i \u0111\u00e1ng tin c\u1eady c\u1ee7a b\u1ea1n\",\"potentialAction\":[{\"@type\":\"SearchAction\",\"target\":{\"@type\":\"EntryPoint\",\"urlTemplate\":\"https:\\\/\\\/vgrealty.com\\\/vi\\\/?s={search_term_string}\"},\"query-input\":{\"@type\":\"PropertyValueSpecification\",\"valueRequired\":true,\"valueName\":\"search_term_string\"}}],\"inLanguage\":\"vi-VN\"}]}<\/script>\n<!-- \/ Yoast SEO plugin. -->","yoast_head_json":{"title":"Trang tr\u1ed1ng - Vandan Gandhi, CCIM","robots":{"index":"index","follow":"follow","max-snippet":"max-snippet:-1","max-image-preview":"max-image-preview:large","max-video-preview":"max-video-preview:-1"},"canonical":"https:\/\/vgrealty.com\/vi\/trang-trong\/","og_locale":"vi_VN","og_type":"article","og_title":"Trang tr\u1ed1ng - Vandan Gandhi, CCIM","og_description":"Ti\u00eau \u0111\u1ec1 Ti\u00eau \u0111\u1ec1 l\u1edbn \u1edf \u0111\u00e2y B\u1ea5t \u0111\u1ed9ng s\u1ea3n \u0111\u1ea7u t\u01b0 cung c\u1ea5p nh\u1eefng c\u01a1 h\u1ed9i \u0111\u1eb7c bi\u1ec7t \u0111\u1ec3 [&hellip;]","og_url":"https:\/\/vgrealty.com\/vi\/trang-trong\/","og_site_name":"Vandan Gandhi, CCIM","article_modified_time":"2025-06-26T11:25:38+00:00","twitter_card":"summary_large_image","twitter_misc":{"Est. reading time":"4 minutes"},"schema":{"@context":"https:\/\/schema.org","@graph":[{"@type":"WebPage","@id":"https:\/\/vgrealty.com\/vi\/trang-trong\/","url":"https:\/\/vgrealty.com\/vi\/trang-trong\/","name":"Trang tr\u1ed1ng - Vandan Gandhi, CCIM","isPartOf":{"@id":"https:\/\/vgrealty.com\/vi\/#website"},"datePublished":"2025-01-27T05:25:07+00:00","dateModified":"2025-06-26T11:25:38+00:00","breadcrumb":{"@id":"https:\/\/vgrealty.com\/vi\/trang-trong\/#breadcrumb"},"inLanguage":"vi-VN","potentialAction":[{"@type":"ReadAction","target":["https:\/\/vgrealty.com\/vi\/trang-trong\/"]}]},{"@type":"BreadcrumbList","@id":"https:\/\/vgrealty.com\/vi\/trang-trong\/#breadcrumb","itemListElement":[{"@type":"ListItem","position":1,"name":"Trang ch\u1ee7","item":"https:\/\/vgrealty.com\/vi\/"},{"@type":"ListItem","position":2,"name":"Trang tr\u1ed1ng"}]},{"@type":"WebSite","@id":"https:\/\/vgrealty.com\/vi\/#website","url":"https:\/\/vgrealty.com\/vi\/","name":"Vandan Gandhi, CCIM","description":"\u0110\u1ed1i t\u00e1c b\u1ea5t \u0111\u1ed9ng s\u1ea3n th\u01b0\u01a1ng m\u1ea1i \u0111\u00e1ng tin c\u1eady c\u1ee7a b\u1ea1n","potentialAction":[{"@type":"SearchAction","target":{"@type":"EntryPoint","urlTemplate":"https:\/\/vgrealty.com\/vi\/?s={search_term_string}"},"query-input":{"@type":"PropertyValueSpecification","valueRequired":true,"valueName":"search_term_string"}}],"inLanguage":"vi-VN"}]}},"_links":{"self":[{"href":"https:\/\/vgrealty.com\/vi\/wp-json\/wp\/v2\/pages\/3904","targetHints":{"allow":["GET"]}}],"collection":[{"href":"https:\/\/vgrealty.com\/vi\/wp-json\/wp\/v2\/pages"}],"about":[{"href":"https:\/\/vgrealty.com\/vi\/wp-json\/wp\/v2\/types\/page"}],"author":[{"embeddable":true,"href":"https:\/\/vgrealty.com\/vi\/wp-json\/wp\/v2\/users\/4"}],"replies":[{"embeddable":true,"href":"https:\/\/vgrealty.com\/vi\/wp-json\/wp\/v2\/comments?post=3904"}],"version-history":[{"count":1,"href":"https:\/\/vgrealty.com\/vi\/wp-json\/wp\/v2\/pages\/3904\/revisions"}],"predecessor-version":[{"id":3908,"href":"https:\/\/vgrealty.com\/vi\/wp-json\/wp\/v2\/pages\/3904\/revisions\/3908"}],"wp:attachment":[{"href":"https:\/\/vgrealty.com\/vi\/wp-json\/wp\/v2\/media?parent=3904"}],"curies":[{"name":"wp","href":"https:\/\/api.w.org\/{rel}","templated":true}]}}