{"id":3913,"date":"2025-01-30T14:35:36","date_gmt":"2025-01-30T14:35:36","guid":{"rendered":"https:\/\/vgrealty.com\/triangle-business-journal\/"},"modified":"2025-06-26T11:25:40","modified_gmt":"2025-06-26T11:25:40","slug":"triangle-business-journal","status":"publish","type":"page","link":"https:\/\/vgrealty.com\/es\/triangle-business-journal\/","title":{"rendered":"Triangle Business Journal"},"content":{"rendered":"\t\t<div data-elementor-type=\"wp-page\" data-elementor-id=\"3913\" class=\"elementor elementor-3913 elementor-2765\" data-elementor-post-type=\"page\">\n\t\t\t\t<div class=\"elementor-element elementor-element-cd0b53a e-flex e-con-boxed e-con e-parent\" data-id=\"cd0b53a\" data-element_type=\"container\" data-e-type=\"container\" data-settings=\"{&quot;background_background&quot;:&quot;classic&quot;}\">\n\t\t\t\t\t<div class=\"e-con-inner\">\n\t\t\t\t<div class=\"elementor-element elementor-element-ddbf5ed elementor-widget elementor-widget-heading\" data-id=\"ddbf5ed\" data-element_type=\"widget\" data-e-type=\"widget\" data-widget_type=\"heading.default\">\n\t\t\t\t<div class=\"elementor-widget-container\">\n\t\t\t\t\t<h1 class=\"elementor-heading-title elementor-size-default\">Triangle Business Journal<\/h1>\t\t\t\t<\/div>\n\t\t\t\t<\/div>\n\t\t\t\t\t<\/div>\n\t\t\t\t<\/div>\n\t\t<div class=\"elementor-element elementor-element-df43fc8 e-flex e-con-boxed e-con e-parent\" data-id=\"df43fc8\" data-element_type=\"container\" data-e-type=\"container\" data-settings=\"{&quot;background_background&quot;:&quot;classic&quot;}\">\n\t\t\t\t\t<div class=\"e-con-inner\">\n\t\t<div class=\"elementor-element elementor-element-08eb2ed e-con-full e-flex e-con e-child\" data-id=\"08eb2ed\" data-element_type=\"container\" data-e-type=\"container\">\n\t\t\t\t<div class=\"elementor-element elementor-element-8976030 elementor-widget elementor-widget-text-editor\" data-id=\"8976030\" data-element_type=\"widget\" data-e-type=\"widget\" data-widget_type=\"text-editor.default\">\n\t\t\t\t<div class=\"elementor-widget-container\">\n\t\t\t\t\t\t\t\t\t<div class=\"wpb_text_column wpb_content_element \"><div class=\"wpb_wrapper\"><ul><li><a title=\"Una empresa farmac\u00e9utica multimillonaria cerrar\u00e1 centros en el Tri\u00e1ngulo\" href=\"https:\/\/www.bizjournals.com\/triangle\/news\/2025\/01\/29\/charles-river-laboratories-closing-durham-facility.html?ana=RSS&amp;s=article_search\">Una empresa farmac\u00e9utica multimillonaria cerrar\u00e1 centros en el Tri\u00e1ngulo<\/a><\/li><li><a title=\"Popular merendero busca espacio tras la venta de su propiedad\" href=\"https:\/\/www.bizjournals.com\/triangle\/news\/2025\/01\/29\/knightdale-pelicans-snoballs-sold-retail-leasing.html?ana=RSS&amp;s=article_search\">Popular merendero busca espacio tras la venta de su propiedad<\/a><\/li><li><a title=\"Un acuerdo sobre terrenos sugiere una comunidad de golf de lujo en el este de Carolina del Norte\" href=\"https:\/\/www.bizjournals.com\/triangle\/news\/2025\/01\/29\/dewitt-carolinas-land-deal-greenville-golf-course.html?ana=RSS&amp;s=article_search\">Un acuerdo sobre terrenos sugiere una comunidad de golf de lujo en el este de Carolina del Norte<\/a><\/li><li><a title=\"La universidad de Raleigh se apresura a negociar un terreno de 70 millones de d\u00f3lares que suscita \"serias preocupaciones\" href=\"https:\/\/www.bizjournals.com\/triangle\/news\/2025\/01\/29\/saint-augustine-land-deal-nc-attorney-general.html?ana=RSS&amp;s=article_search\">La universidad de Raleigh se apresura a negociar un terreno de 70 millones de d\u00f3lares que suscita \u00abserias preocupaciones<\/a><\/li><li><a title=\"Proyecto de uso mixto con hasta 375 viviendas previsto cerca de la I-40 en Cary\" href=\"https:\/\/www.bizjournals.com\/triangle\/news\/2025\/01\/29\/zom-living-rezoning-car-mixeduse-apartments.html?ana=RSS&amp;s=article_search\">Proyecto de uso mixto con hasta 375 viviendas previsto cerca de la I-40 en Cary<\/a><\/li><li><a title=\"Las ca\u00f1as marcan con un genial proyecto Apex\" href=\"https:\/\/www.bizjournals.com\/triangle\/news\/2025\/01\/29\/apex-street-hocky-rinks-carolina-hurricanes-nhl.html?ana=RSS&amp;s=article_search\">Las ca\u00f1as marcan con un genial proyecto Apex<\/a><\/li><li><a title=\"Se retiran los planes para una sede masiva en Cary\" href=\"https:\/\/www.bizjournals.com\/triangle\/news\/2025\/01\/29\/epic-games-cary-towne-center-headquarters-rezoning.html?ana=RSS&amp;s=article_search\">Se retiran los planes para una sede masiva en Cary<\/a><\/li><li><a title=\"Meritage Homes adquiere un terreno junto a la I-85 para construir 800 viviendas\" href=\"https:\/\/www.bizjournals.com\/triangle\/news\/2025\/01\/29\/meritage-homes-butner-north-carolina-new-homes.html?ana=RSS&amp;s=article_search\">Meritage Homes adquiere un terreno junto a la I-85 para construir 800 viviendas<\/a><\/li><li><a title=\"La agencia inmobiliaria de Raleigh ampl\u00eda sus oficinas para facilitar la contrataci\u00f3n de personal\" href=\"https:\/\/www.bizjournals.com\/triangle\/news\/2025\/01\/29\/phoenix-commercial-properties-raleigh-office-space.html?ana=RSS&amp;s=article_search\">La agencia inmobiliaria de Raleigh ampl\u00eda sus oficinas para facilitar la contrataci\u00f3n de personal<\/a><\/li><li><a title=\"La Casa Blanca ofrece pagar a los trabajadores federales hasta septiembre si dimiten. He aqu\u00ed cu\u00e1ntos hay en Carolina del Norte\" href=\"https:\/\/www.bizjournals.com\/triangle\/news\/2025\/01\/28\/trump-federal-workers-resign-incentives-pay.html?ana=RSS&amp;s=article_search\">La Casa Blanca ofrece pagar a los trabajadores federales hasta septiembre si dimiten. He aqu\u00ed cu\u00e1ntos hay en Carolina del Norte <\/a><\/li><li><a title=\"Popular merendero busca espacio tras la venta de su propiedad\" href=\"https:\/\/www.bizjournals.com\/triangle\/news\/2025\/01\/29\/knightdale-pelicans-snoballs-sold-retail-leasing.html?ana=brss_592\">Popular merendero busca espacio tras la venta de su propiedad<\/a><\/li><li><a title=\"Un acuerdo sobre terrenos sugiere una comunidad de golf de lujo en el este de Carolina del Norte\" href=\"https:\/\/www.bizjournals.com\/triangle\/news\/2025\/01\/29\/dewitt-carolinas-land-deal-greenville-golf-course.html?ana=brss_592\">Un acuerdo sobre terrenos sugiere una comunidad de golf de lujo en el este de Carolina del Norte<\/a><\/li><li><a title=\"Se retiran los planes para una sede masiva en Cary\" href=\"https:\/\/www.bizjournals.com\/triangle\/news\/2025\/01\/29\/epic-games-cary-towne-center-headquarters-rezoning.html?ana=brss_592\">Se retiran los planes para una sede masiva en Cary<\/a><\/li><li><a title=\"La agencia inmobiliaria de Raleigh ampl\u00eda sus oficinas para facilitar la contrataci\u00f3n de personal\" href=\"https:\/\/www.bizjournals.com\/triangle\/news\/2025\/01\/29\/phoenix-commercial-properties-raleigh-office-space.html?ana=brss_592\">La agencia inmobiliaria de Raleigh ampl\u00eda sus oficinas para facilitar la contrataci\u00f3n de personal<\/a><\/li><li><a title=\"Un bar de c\u00f3cteles agita la oferta del Village District\" href=\"https:\/\/www.bizjournals.com\/triangle\/news\/2025\/01\/28\/raleigh-village-district-cocktail-bar-mr-henry.html?ana=brss_592\">Un bar de c\u00f3cteles agita la oferta del Village District<\/a><\/li><li><a title=\"Los chefs se unen para una nueva pizzer\u00eda en Durham\" href=\"https:\/\/www.bizjournals.com\/triangle\/news\/2025\/01\/28\/matt-kelly-dinos-pizza-restaurant-durham.html?ana=brss_592\">Los chefs se unen para una nueva pizzer\u00eda en Durham<\/a><\/li><li><a title=\"El antiguo club nocturno de Raleigh tendr\u00e1 un nuevo hogar en medio de los planes para construir rascacielos\" href=\"https:\/\/www.bizjournals.com\/triangle\/news\/2025\/01\/28\/raleigh-nightclub-legends-new-home-cityplat-tower.html?ana=brss_592\">El antiguo club nocturno de Raleigh tendr\u00e1 un nuevo hogar en medio de los planes para construir rascacielos<\/a><\/li><li><a title=\"El Observador Nacional: C\u00f3mo podr\u00edan afectar las decisiones inmobiliarias federales al sector CRE\" href=\"https:\/\/www.bizjournals.com\/triangle\/news\/2025\/01\/27\/guidewell-layoffs-truist-financial-growth.html?ana=brss_592\">El Observador Nacional: C\u00f3mo podr\u00edan afectar las decisiones inmobiliarias federales al sector CRE<\/a><\/li><li><a title=\"Un banco de 200.000 millones de d\u00f3lares impulsa una gran expansi\u00f3n en Carolina\" href=\"https:\/\/www.bizjournals.com\/triangle\/news\/2025\/01\/27\/huntington-bank-carolinas-expansion-raleigh-branch.html?ana=brss_592\">Un banco de 200.000 millones de d\u00f3lares impulsa una gran expansi\u00f3n en Carolina<\/a><\/li><li><a title=\"Las modificaciones de pr\u00e9stamos CRE crean un \"muro de madurez\" en ciernes\" href=\"https:\/\/www.bizjournals.com\/triangle\/news\/2025\/01\/27\/extend-and-pretend-loan-maturity-wall.html?ana=brss_592\">Las modificaciones de pr\u00e9stamos CRE crean un \u00abmuro de madurez\u00bb en ciernes<\/a><\/li><li><a title=\"Comienza la construcci\u00f3n de viviendas de m\u00e1s de 100 millones de d\u00f3lares\" href=\"https:\/\/www.bizjournals.com\/triangle\/news\/2025\/01\/27\/crescent-communities-durham-novel-uhill-apartments.html?ana=brss_592\">Comienza la construcci\u00f3n de viviendas de m\u00e1s de 100 millones de d\u00f3lares<\/a><\/li><li><a title=\"Una empresa de arquitectura da el salto a Raleigh para atraer talento\" href=\"https:\/\/www.bizjournals.com\/triangle\/news\/2025\/01\/27\/germano-architecture-raleigh-founded-zebulon.html?ana=brss_592\">Una empresa de arquitectura da el salto a Raleigh para atraer talento<\/a><\/li><li><a title=\"Prominente promotor inmobiliario vende por millones una propiedad del este de Carolina del Norte\" href=\"https:\/\/www.bizjournals.com\/triangle\/news\/2025\/01\/27\/greenville-real-estate-sold-kane-realty-fitness.html?ana=brss_592\">Prominente promotor inmobiliario vende por millones una propiedad del este de Carolina del Norte<\/a><\/li><\/ul><\/div><\/div><div class=\"wpb_text_column wpb_content_element \"><div class=\"wpb_wrapper\"> <\/div><\/div>\t\t\t\t\t\t\t\t<\/div>\n\t\t\t\t<\/div>\n\t\t\t\t<div class=\"elementor-element elementor-element-6704ee6 contact-svg elementor-widget elementor-widget-button\" data-id=\"6704ee6\" data-element_type=\"widget\" data-e-type=\"widget\" data-widget_type=\"button.default\">\n\t\t\t\t<div class=\"elementor-widget-container\">\n\t\t\t\t\t\t\t\t\t<div class=\"elementor-button-wrapper\">\n\t\t\t\t\t<a class=\"elementor-button elementor-button-link elementor-size-sm\" href=\"https:\/\/vgrealty.com\/contact\/\">\n\t\t\t\t\t\t<span class=\"elementor-button-content-wrapper\">\n\t\t\t\t\t\t<span class=\"elementor-button-icon\">\n\t\t\t\t<svg xmlns=\"http:\/\/www.w3.org\/2000\/svg\" width=\"42\" height=\"43\" viewBox=\"0 0 42 43\" fill=\"none\"><circle cx=\"21\" cy=\"21.5\" r=\"21\" fill=\"white\" fill-opacity=\"0.2\"><\/circle><g clip-path=\"url(#clip0_471_310)\"><path d=\"M31.9842 9.53956L9.53297 16.8757C8.89892 17.0829 8.80722 17.9454 9.38428 18.2809L17.8688 23.2145C18.1365 23.3701 18.471 23.3514 18.7195 23.1668L21.1046 21.3955L19.3334 23.7806C19.1488 24.0292 19.13 24.3637 19.2856 24.6314L24.2192 33.1159C24.5551 33.6934 25.4174 33.6007 25.6244 32.9672L32.9606 10.516C33.1574 9.91315 32.5841 9.3434 31.9842 9.53956ZM24.6892 30.8439L20.8806 24.2941L25.4731 18.1101C25.7019 17.8018 25.6704 17.3725 25.399 17.1011C25.1276 16.8296 24.6981 16.7981 24.39 17.0269L18.206 21.6195L11.6562 17.8108L31.0149 11.4852L24.6892 30.8439ZM17.1284 26.4665L11.988 31.6069C11.6857 31.9091 11.1955 31.9092 10.8932 31.6069C10.5908 31.3046 10.5908 30.8144 10.8932 30.512L16.0336 25.3716C16.336 25.0694 16.8262 25.0693 17.1284 25.3716C17.4308 25.6739 17.4308 26.1641 17.1284 26.4665ZM10.3375 26.661C10.0351 26.3586 10.0351 25.8685 10.3375 25.5661L12.3658 23.5377C12.6682 23.2354 13.1584 23.2354 13.4607 23.5377C13.763 23.8401 13.763 24.3303 13.4607 24.6326L11.4323 26.661C11.1301 26.9632 10.6398 26.9633 10.3375 26.661ZM18.9623 29.0394C19.2647 29.3417 19.2647 29.8319 18.9623 30.1342L16.9339 32.1625C16.7828 32.3137 16.5846 32.3893 16.3865 32.3893C15.703 32.3893 15.3501 31.5567 15.8391 31.0677L17.8675 29.0394C18.1698 28.737 18.66 28.737 18.9623 29.0394Z\" fill=\"white\" fill-opacity=\"0.5\"><\/path><\/g><defs><clipPath id=\"clip0_471_310\"><rect width=\"24\" height=\"24\" fill=\"white\" transform=\"translate(9 9.5)\"><\/rect><\/clipPath><\/defs><\/svg>\t\t\t<\/span>\n\t\t\t\t\t\t\t\t\t<span class=\"elementor-button-text\">Contacta con nosotros<\/span>\n\t\t\t\t\t<\/span>\n\t\t\t\t\t<\/a>\n\t\t\t\t<\/div>\n\t\t\t\t\t\t\t\t<\/div>\n\t\t\t\t<\/div>\n\t\t\t\t<\/div>\n\t\t\t\t\t<\/div>\n\t\t\t\t<\/div>\n\t\t<div class=\"elementor-element elementor-element-2eac182 gerenal_wrapper e-flex e-con-boxed e-con e-parent\" data-id=\"2eac182\" data-element_type=\"container\" data-e-type=\"container\">\n\t\t\t\t\t<div class=\"e-con-inner\">\n\t\t<div class=\"elementor-element elementor-element-6964e22 e-con-full e-flex e-con e-child\" data-id=\"6964e22\" data-element_type=\"container\" data-e-type=\"container\">\n\t\t\t\t<\/div>\n\t\t\t\t\t<\/div>\n\t\t\t\t<\/div>\n\t\t\t\t<\/div>\n\t\t","protected":false},"excerpt":{"rendered":"<p>Triangle Business Journal Una empresa farmac\u00e9utica multimillonaria cerrar\u00e1 centros en el Tri\u00e1ngulo Popular merendero busca espacio tras la venta de [&hellip;]<\/p>\n","protected":false},"author":5,"featured_media":3817,"parent":0,"menu_order":0,"comment_status":"closed","ping_status":"closed","template":"","meta":{"_acf_changed":false,"site-sidebar-layout":"no-sidebar","site-content-layout":"","ast-site-content-layout":"full-width-container","site-content-style":"default","site-sidebar-style":"default","ast-global-header-display":"","ast-banner-title-visibility":"","ast-main-header-display":"","ast-hfb-above-header-display":"","ast-hfb-below-header-display":"","ast-hfb-mobile-header-display":"","site-post-title":"disabled","ast-breadcrumbs-content":"","ast-featured-img":"disabled","footer-sml-layout":"","theme-transparent-header-meta":"","adv-header-id-meta":"","stick-header-meta":"","header-above-stick-meta":"","header-main-stick-meta":"","header-below-stick-meta":"","astra-migrate-meta-layouts":"default","ast-page-background-enabled":"default","ast-page-background-meta":{"desktop":{"background-color":"var(--ast-global-color-4)","background-image":"","background-repeat":"repeat","background-position":"center center","background-size":"auto","background-attachment":"scroll","background-type":"","background-media":"","overlay-type":"","overlay-color":"","overlay-opacity":"","overlay-gradient":""},"tablet":{"background-color":"","background-image":"","background-repeat":"repeat","background-position":"center center","background-size":"auto","background-attachment":"scroll","background-type":"","background-media":"","overlay-type":"","overlay-color":"","overlay-opacity":"","overlay-gradient":""},"mobile":{"background-color":"","background-image":"","background-repeat":"repeat","background-position":"center center","background-size":"auto","background-attachment":"scroll","background-type":"","background-media":"","overlay-type":"","overlay-color":"","overlay-opacity":"","overlay-gradient":""}},"ast-content-background-meta":{"desktop":{"background-color":"var(--ast-global-color-5)","background-image":"","background-repeat":"repeat","background-position":"center center","background-size":"auto","background-attachment":"scroll","background-type":"","background-media":"","overlay-type":"","overlay-color":"","overlay-opacity":"","overlay-gradient":""},"tablet":{"background-color":"var(--ast-global-color-5)","background-image":"","background-repeat":"repeat","background-position":"center center","background-size":"auto","background-attachment":"scroll","background-type":"","background-media":"","overlay-type":"","overlay-color":"","overlay-opacity":"","overlay-gradient":""},"mobile":{"background-color":"var(--ast-global-color-5)","background-image":"","background-repeat":"repeat","background-position":"center center","background-size":"auto","background-attachment":"scroll","background-type":"","background-media":"","overlay-type":"","overlay-color":"","overlay-opacity":"","overlay-gradient":""}},"footnotes":""},"class_list":["post-3913","page","type-page","status-publish","has-post-thumbnail","hentry"],"acf":[],"yoast_head":"<!-- This site is optimized with the Yoast SEO plugin v27.4 - https:\/\/yoast.com\/product\/yoast-seo-wordpress\/ -->\n<title>Triangle Business Journal | VG Realty - Noticias inmobiliarias comerciales en Raleigh-Durham, NC<\/title>\n<meta name=\"description\" content=\"Mantente al d\u00eda de las \u00faltimas noticias sobre el sector inmobiliario comercial en la zona de Raleigh-Durham con los art\u00edculos de VG Realty del Triangle Business Journal, que cubren las tendencias del mercado, las novedades inmobiliarias y las perspectivas del sector.\" \/>\n<meta name=\"robots\" content=\"index, follow, max-snippet:-1, max-image-preview:large, max-video-preview:-1\" \/>\n<link rel=\"canonical\" href=\"https:\/\/vgrealty.com\/es\/triangle-business-journal\/\" \/>\n<meta property=\"og:locale\" content=\"es_ES\" \/>\n<meta property=\"og:type\" content=\"article\" \/>\n<meta property=\"og:title\" content=\"Triangle Business Journal | VG Realty - Noticias inmobiliarias comerciales en Raleigh-Durham, NC\" \/>\n<meta property=\"og:description\" content=\"Mantente al d\u00eda de las \u00faltimas noticias sobre el sector inmobiliario comercial en la zona de Raleigh-Durham con los art\u00edculos de VG Realty del Triangle Business Journal, que cubren las tendencias del mercado, las novedades inmobiliarias y las perspectivas del sector.\" \/>\n<meta property=\"og:url\" content=\"https:\/\/vgrealty.com\/es\/triangle-business-journal\/\" \/>\n<meta property=\"og:site_name\" content=\"Vandan Gandhi, CCIM\" \/>\n<meta property=\"article:modified_time\" content=\"2025-06-26T11:25:40+00:00\" \/>\n<meta property=\"og:image\" content=\"https:\/\/vgrealty.com\/wp-content\/uploads\/2025\/01\/Website_Social_media.jpg\" \/>\n\t<meta property=\"og:image:width\" content=\"800\" \/>\n\t<meta property=\"og:image:height\" content=\"400\" \/>\n\t<meta property=\"og:image:type\" content=\"image\/jpeg\" \/>\n<meta name=\"twitter:card\" content=\"summary_large_image\" \/>\n<script type=\"application\/ld+json\" class=\"yoast-schema-graph\">{\"@context\":\"https:\\\/\\\/schema.org\",\"@graph\":[{\"@type\":\"WebPage\",\"@id\":\"https:\\\/\\\/vgrealty.com\\\/es\\\/triangle-business-journal\\\/\",\"url\":\"https:\\\/\\\/vgrealty.com\\\/es\\\/triangle-business-journal\\\/\",\"name\":\"Triangle Business Journal | VG Realty - Noticias inmobiliarias comerciales en Raleigh-Durham, NC\",\"isPartOf\":{\"@id\":\"https:\\\/\\\/vgrealty.com\\\/es\\\/#website\"},\"primaryImageOfPage\":{\"@id\":\"https:\\\/\\\/vgrealty.com\\\/es\\\/triangle-business-journal\\\/#primaryimage\"},\"image\":{\"@id\":\"https:\\\/\\\/vgrealty.com\\\/es\\\/triangle-business-journal\\\/#primaryimage\"},\"thumbnailUrl\":\"https:\\\/\\\/vgrealty.com\\\/wp-content\\\/uploads\\\/2025\\\/01\\\/Website_Social_media.jpg\",\"datePublished\":\"2025-01-30T14:35:36+00:00\",\"dateModified\":\"2025-06-26T11:25:40+00:00\",\"description\":\"Mantente al d\u00eda de las \u00faltimas noticias sobre el sector inmobiliario comercial en la zona de Raleigh-Durham con los art\u00edculos de VG Realty del Triangle Business Journal, que cubren las tendencias del mercado, las novedades inmobiliarias y las perspectivas del sector.\",\"breadcrumb\":{\"@id\":\"https:\\\/\\\/vgrealty.com\\\/es\\\/triangle-business-journal\\\/#breadcrumb\"},\"inLanguage\":\"es\",\"potentialAction\":[{\"@type\":\"ReadAction\",\"target\":[\"https:\\\/\\\/vgrealty.com\\\/es\\\/triangle-business-journal\\\/\"]}]},{\"@type\":\"ImageObject\",\"inLanguage\":\"es\",\"@id\":\"https:\\\/\\\/vgrealty.com\\\/es\\\/triangle-business-journal\\\/#primaryimage\",\"url\":\"https:\\\/\\\/vgrealty.com\\\/wp-content\\\/uploads\\\/2025\\\/01\\\/Website_Social_media.jpg\",\"contentUrl\":\"https:\\\/\\\/vgrealty.com\\\/wp-content\\\/uploads\\\/2025\\\/01\\\/Website_Social_media.jpg\",\"width\":800,\"height\":400},{\"@type\":\"BreadcrumbList\",\"@id\":\"https:\\\/\\\/vgrealty.com\\\/es\\\/triangle-business-journal\\\/#breadcrumb\",\"itemListElement\":[{\"@type\":\"ListItem\",\"position\":1,\"name\":\"Inicio\",\"item\":\"https:\\\/\\\/vgrealty.com\\\/es\\\/\"},{\"@type\":\"ListItem\",\"position\":2,\"name\":\"Triangle Business Journal\"}]},{\"@type\":\"WebSite\",\"@id\":\"https:\\\/\\\/vgrealty.com\\\/es\\\/#website\",\"url\":\"https:\\\/\\\/vgrealty.com\\\/es\\\/\",\"name\":\"Vandan Gandhi, CCIM\",\"description\":\"Tu socio inmobiliario comercial de confianza\",\"potentialAction\":[{\"@type\":\"SearchAction\",\"target\":{\"@type\":\"EntryPoint\",\"urlTemplate\":\"https:\\\/\\\/vgrealty.com\\\/es\\\/?s={search_term_string}\"},\"query-input\":{\"@type\":\"PropertyValueSpecification\",\"valueRequired\":true,\"valueName\":\"search_term_string\"}}],\"inLanguage\":\"es\"}]}<\/script>\n<!-- \/ Yoast SEO plugin. -->","yoast_head_json":{"title":"Triangle Business Journal | VG Realty - Noticias inmobiliarias comerciales en Raleigh-Durham, NC","description":"Mantente al d\u00eda de las \u00faltimas noticias sobre el sector inmobiliario comercial en la zona de Raleigh-Durham con los art\u00edculos de VG Realty del Triangle Business Journal, que cubren las tendencias del mercado, las novedades inmobiliarias y las perspectivas del sector.","robots":{"index":"index","follow":"follow","max-snippet":"max-snippet:-1","max-image-preview":"max-image-preview:large","max-video-preview":"max-video-preview:-1"},"canonical":"https:\/\/vgrealty.com\/es\/triangle-business-journal\/","og_locale":"es_ES","og_type":"article","og_title":"Triangle Business Journal | VG Realty - Noticias inmobiliarias comerciales en Raleigh-Durham, NC","og_description":"Mantente al d\u00eda de las \u00faltimas noticias sobre el sector inmobiliario comercial en la zona de Raleigh-Durham con los art\u00edculos de VG Realty del Triangle Business Journal, que cubren las tendencias del mercado, las novedades inmobiliarias y las perspectivas del sector.","og_url":"https:\/\/vgrealty.com\/es\/triangle-business-journal\/","og_site_name":"Vandan Gandhi, CCIM","article_modified_time":"2025-06-26T11:25:40+00:00","og_image":[{"width":800,"height":400,"url":"https:\/\/vgrealty.com\/wp-content\/uploads\/2025\/01\/Website_Social_media.jpg","type":"image\/jpeg"}],"twitter_card":"summary_large_image","schema":{"@context":"https:\/\/schema.org","@graph":[{"@type":"WebPage","@id":"https:\/\/vgrealty.com\/es\/triangle-business-journal\/","url":"https:\/\/vgrealty.com\/es\/triangle-business-journal\/","name":"Triangle Business Journal | VG Realty - Noticias inmobiliarias comerciales en Raleigh-Durham, NC","isPartOf":{"@id":"https:\/\/vgrealty.com\/es\/#website"},"primaryImageOfPage":{"@id":"https:\/\/vgrealty.com\/es\/triangle-business-journal\/#primaryimage"},"image":{"@id":"https:\/\/vgrealty.com\/es\/triangle-business-journal\/#primaryimage"},"thumbnailUrl":"https:\/\/vgrealty.com\/wp-content\/uploads\/2025\/01\/Website_Social_media.jpg","datePublished":"2025-01-30T14:35:36+00:00","dateModified":"2025-06-26T11:25:40+00:00","description":"Mantente al d\u00eda de las \u00faltimas noticias sobre el sector inmobiliario comercial en la zona de Raleigh-Durham con los art\u00edculos de VG Realty del Triangle Business Journal, que cubren las tendencias del mercado, las novedades inmobiliarias y las perspectivas del sector.","breadcrumb":{"@id":"https:\/\/vgrealty.com\/es\/triangle-business-journal\/#breadcrumb"},"inLanguage":"es","potentialAction":[{"@type":"ReadAction","target":["https:\/\/vgrealty.com\/es\/triangle-business-journal\/"]}]},{"@type":"ImageObject","inLanguage":"es","@id":"https:\/\/vgrealty.com\/es\/triangle-business-journal\/#primaryimage","url":"https:\/\/vgrealty.com\/wp-content\/uploads\/2025\/01\/Website_Social_media.jpg","contentUrl":"https:\/\/vgrealty.com\/wp-content\/uploads\/2025\/01\/Website_Social_media.jpg","width":800,"height":400},{"@type":"BreadcrumbList","@id":"https:\/\/vgrealty.com\/es\/triangle-business-journal\/#breadcrumb","itemListElement":[{"@type":"ListItem","position":1,"name":"Inicio","item":"https:\/\/vgrealty.com\/es\/"},{"@type":"ListItem","position":2,"name":"Triangle Business Journal"}]},{"@type":"WebSite","@id":"https:\/\/vgrealty.com\/es\/#website","url":"https:\/\/vgrealty.com\/es\/","name":"Vandan Gandhi, CCIM","description":"Tu socio inmobiliario comercial de confianza","potentialAction":[{"@type":"SearchAction","target":{"@type":"EntryPoint","urlTemplate":"https:\/\/vgrealty.com\/es\/?s={search_term_string}"},"query-input":{"@type":"PropertyValueSpecification","valueRequired":true,"valueName":"search_term_string"}}],"inLanguage":"es"}]}},"_links":{"self":[{"href":"https:\/\/vgrealty.com\/es\/wp-json\/wp\/v2\/pages\/3913","targetHints":{"allow":["GET"]}}],"collection":[{"href":"https:\/\/vgrealty.com\/es\/wp-json\/wp\/v2\/pages"}],"about":[{"href":"https:\/\/vgrealty.com\/es\/wp-json\/wp\/v2\/types\/page"}],"author":[{"embeddable":true,"href":"https:\/\/vgrealty.com\/es\/wp-json\/wp\/v2\/users\/5"}],"replies":[{"embeddable":true,"href":"https:\/\/vgrealty.com\/es\/wp-json\/wp\/v2\/comments?post=3913"}],"version-history":[{"count":1,"href":"https:\/\/vgrealty.com\/es\/wp-json\/wp\/v2\/pages\/3913\/revisions"}],"predecessor-version":[{"id":3917,"href":"https:\/\/vgrealty.com\/es\/wp-json\/wp\/v2\/pages\/3913\/revisions\/3917"}],"wp:featuredmedia":[{"embeddable":true,"href":"https:\/\/vgrealty.com\/es\/wp-json\/wp\/v2\/media\/3817"}],"wp:attachment":[{"href":"https:\/\/vgrealty.com\/es\/wp-json\/wp\/v2\/media?parent=3913"}],"curies":[{"name":"wp","href":"https:\/\/api.w.org\/{rel}","templated":true}]}}