{"id":3903,"date":"2025-01-27T05:25:07","date_gmt":"2025-01-27T05:25:07","guid":{"rendered":"https:\/\/vgrealty.com\/pagina-en-blanco\/"},"modified":"2025-06-26T11:25:37","modified_gmt":"2025-06-26T11:25:37","slug":"pagina-en-blanco","status":"publish","type":"page","link":"https:\/\/vgrealty.com\/es\/pagina-en-blanco\/","title":{"rendered":"P\u00e1gina en blanco"},"content":{"rendered":"\t\t<div data-elementor-type=\"wp-page\" data-elementor-id=\"3903\" class=\"elementor elementor-3903 elementor-2739\" data-elementor-post-type=\"page\">\n\t\t\t\t<div class=\"elementor-element elementor-element-cd0b53a e-flex e-con-boxed e-con e-parent\" data-id=\"cd0b53a\" data-element_type=\"container\" data-e-type=\"container\" data-settings=\"{&quot;background_background&quot;:&quot;classic&quot;}\">\n\t\t\t\t\t<div class=\"e-con-inner\">\n\t\t\t\t<div class=\"elementor-element elementor-element-ddbf5ed elementor-widget elementor-widget-heading\" data-id=\"ddbf5ed\" data-element_type=\"widget\" data-e-type=\"widget\" data-widget_type=\"heading.default\">\n\t\t\t\t<div class=\"elementor-widget-container\">\n\t\t\t\t\t<h1 class=\"elementor-heading-title elementor-size-default\">T\u00edtulo<\/h1>\t\t\t\t<\/div>\n\t\t\t\t<\/div>\n\t\t\t\t\t<\/div>\n\t\t\t\t<\/div>\n\t\t<div class=\"elementor-element elementor-element-df43fc8 e-flex e-con-boxed e-con e-parent\" data-id=\"df43fc8\" data-element_type=\"container\" data-e-type=\"container\" data-settings=\"{&quot;background_background&quot;:&quot;classic&quot;}\">\n\t\t\t\t\t<div class=\"e-con-inner\">\n\t\t<div class=\"elementor-element elementor-element-08eb2ed e-con-full e-flex e-con e-child\" data-id=\"08eb2ed\" data-element_type=\"container\" data-e-type=\"container\">\n\t\t\t\t<div class=\"elementor-element elementor-element-dd450e0 elementor-widget elementor-widget-heading\" data-id=\"dd450e0\" data-element_type=\"widget\" data-e-type=\"widget\" data-widget_type=\"heading.default\">\n\t\t\t\t<div class=\"elementor-widget-container\">\n\t\t\t\t\t<h3 class=\"elementor-heading-title elementor-size-default\">T\u00edtulo grande aqu\u00ed<\/h3>\t\t\t\t<\/div>\n\t\t\t\t<\/div>\n\t\t\t\t<div class=\"elementor-element elementor-element-8976030 elementor-widget elementor-widget-text-editor\" data-id=\"8976030\" data-element_type=\"widget\" data-e-type=\"widget\" data-widget_type=\"text-editor.default\">\n\t\t\t\t<div class=\"elementor-widget-container\">\n\t\t\t\t\t\t\t\t\tLas propiedades de inversi\u00f3n ofrecen oportunidades excepcionales para crear riqueza, generar ingresos pasivos y alcanzar objetivos financieros a largo plazo. VG Realty se especializa en ayudar a los clientes a identificar, evaluar y asegurar oportunidades de inversi\u00f3n de alto rendimiento en diversas clases de activos. Tanto si quieres comprar tu primera propiedad generadora de ingresos, ampliar tu cartera o buscar estrategias para optimizar los rendimientos, nuestro equipo te ofrece orientaci\u00f3n experta adaptada a tus objetivos financieros.  \t\t\t\t\t\t\t\t<\/div>\n\t\t\t\t<\/div>\n\t\t\t\t<div class=\"elementor-element elementor-element-0c10d24 check-li elementor-widget elementor-widget-text-editor\" data-id=\"0c10d24\" data-element_type=\"widget\" data-e-type=\"widget\" data-widget_type=\"text-editor.default\">\n\t\t\t\t<div class=\"elementor-widget-container\">\n\t\t\t\t\t\t\t\t\tCon los amplios recursos de KW Commercial Retail Properties, combinamos conocimientos del mercado, an\u00e1lisis financieros y conexiones con el sector para ofrecer soluciones que impulsen los resultados. Desde la diligencia debida y la evaluaci\u00f3n de riesgos hasta la adquisici\u00f3n de propiedades y las estrategias de gesti\u00f3n, VG Realty colabora contigo en cada paso del camino para garantizar que tus inversiones est\u00e9n bien posicionadas para el \u00e9xito. Con nuestro enfoque personalizado y nuestro compromiso con la excelencia, VG Realty es tu aliado de confianza para lograr un \u00e9xito duradero en el mercado de las inversiones inmobiliarias.  \t\t\t\t\t\t\t\t<\/div>\n\t\t\t\t<\/div>\n\t\t\t\t<div class=\"elementor-element elementor-element-6704ee6 contact-svg elementor-widget elementor-widget-button\" data-id=\"6704ee6\" data-element_type=\"widget\" data-e-type=\"widget\" data-widget_type=\"button.default\">\n\t\t\t\t<div class=\"elementor-widget-container\">\n\t\t\t\t\t\t\t\t\t<div class=\"elementor-button-wrapper\">\n\t\t\t\t\t<a class=\"elementor-button elementor-button-link elementor-size-sm\" href=\"https:\/\/vgrealty.com\/contact\/\">\n\t\t\t\t\t\t<span class=\"elementor-button-content-wrapper\">\n\t\t\t\t\t\t<span class=\"elementor-button-icon\">\n\t\t\t\t<svg xmlns=\"http:\/\/www.w3.org\/2000\/svg\" width=\"42\" height=\"43\" viewBox=\"0 0 42 43\" fill=\"none\"><circle cx=\"21\" cy=\"21.5\" r=\"21\" fill=\"white\" fill-opacity=\"0.2\"><\/circle><g clip-path=\"url(#clip0_471_310)\"><path d=\"M31.9842 9.53956L9.53297 16.8757C8.89892 17.0829 8.80722 17.9454 9.38428 18.2809L17.8688 23.2145C18.1365 23.3701 18.471 23.3514 18.7195 23.1668L21.1046 21.3955L19.3334 23.7806C19.1488 24.0292 19.13 24.3637 19.2856 24.6314L24.2192 33.1159C24.5551 33.6934 25.4174 33.6007 25.6244 32.9672L32.9606 10.516C33.1574 9.91315 32.5841 9.3434 31.9842 9.53956ZM24.6892 30.8439L20.8806 24.2941L25.4731 18.1101C25.7019 17.8018 25.6704 17.3725 25.399 17.1011C25.1276 16.8296 24.6981 16.7981 24.39 17.0269L18.206 21.6195L11.6562 17.8108L31.0149 11.4852L24.6892 30.8439ZM17.1284 26.4665L11.988 31.6069C11.6857 31.9091 11.1955 31.9092 10.8932 31.6069C10.5908 31.3046 10.5908 30.8144 10.8932 30.512L16.0336 25.3716C16.336 25.0694 16.8262 25.0693 17.1284 25.3716C17.4308 25.6739 17.4308 26.1641 17.1284 26.4665ZM10.3375 26.661C10.0351 26.3586 10.0351 25.8685 10.3375 25.5661L12.3658 23.5377C12.6682 23.2354 13.1584 23.2354 13.4607 23.5377C13.763 23.8401 13.763 24.3303 13.4607 24.6326L11.4323 26.661C11.1301 26.9632 10.6398 26.9633 10.3375 26.661ZM18.9623 29.0394C19.2647 29.3417 19.2647 29.8319 18.9623 30.1342L16.9339 32.1625C16.7828 32.3137 16.5846 32.3893 16.3865 32.3893C15.703 32.3893 15.3501 31.5567 15.8391 31.0677L17.8675 29.0394C18.1698 28.737 18.66 28.737 18.9623 29.0394Z\" fill=\"white\" fill-opacity=\"0.5\"><\/path><\/g><defs><clipPath id=\"clip0_471_310\"><rect width=\"24\" height=\"24\" fill=\"white\" transform=\"translate(9 9.5)\"><\/rect><\/clipPath><\/defs><\/svg>\t\t\t<\/span>\n\t\t\t\t\t\t\t\t\t<span class=\"elementor-button-text\">Contacta con nosotros<\/span>\n\t\t\t\t\t<\/span>\n\t\t\t\t\t<\/a>\n\t\t\t\t<\/div>\n\t\t\t\t\t\t\t\t<\/div>\n\t\t\t\t<\/div>\n\t\t\t\t<\/div>\n\t\t\t\t\t<\/div>\n\t\t\t\t<\/div>\n\t\t<div class=\"elementor-element elementor-element-2eac182 gerenal_wrapper e-flex e-con-boxed e-con e-parent\" data-id=\"2eac182\" data-element_type=\"container\" data-e-type=\"container\">\n\t\t\t\t\t<div class=\"e-con-inner\">\n\t\t<div class=\"elementor-element elementor-element-6964e22 e-con-full e-flex e-con e-child\" data-id=\"6964e22\" data-element_type=\"container\" data-e-type=\"container\">\n\t\t\t\t<div class=\"elementor-element elementor-element-86e3742 check-li elementor-widget elementor-widget-text-editor\" data-id=\"86e3742\" data-element_type=\"widget\" data-e-type=\"widget\" data-widget_type=\"text-editor.default\">\n\t\t\t\t<div class=\"elementor-widget-container\">\n\t\t\t\t\t\t\t\t\t<ul><li><strong>Servicios para inquilinos<\/strong> Trabajo estrechamente con mis clientes para definir sus necesidades de espacio actuales y futuras (tipo de espacio, ubicaci\u00f3n, servicios necesarios, ubicaci\u00f3n respecto a la competencia, caracter\u00edsticas de la zona comercial, fecha de traslado, necesidades especiales).<\/li><li><strong>Servicios para arrendadores:<\/strong> Nuestras plataformas de marketing y la tecnolog\u00eda AI de vanguardia nos permiten llegar a los inquilinos y compradores adecuados para las propiedades de nuestros clientes.<\/li><li><strong>Selecci\u00f3n de emplazamientos:<\/strong> Nuestra experiencia y conocimientos ayudan a promotores y minoristas a conseguir las mejores ubicaciones. Nuestra s\u00f3lida red de relaciones en el mercado nos permite localizar ubicaciones en el mercado, fuera del mercado y de pr\u00f3xima aparici\u00f3n. <\/li><li><strong>Servicios de Adquisici\u00f3n\/Disposici\u00f3n:<\/strong> Nuestras herramientas de marketing y prospecci\u00f3n se combinan con nuestra capacidad para ajustarnos a las necesidades de oferta y demanda del mercado. Proporcionando a nuestros clientes el mejor precio y alcanzando sus objetivos de inversi\u00f3n. <\/li><\/ul>\t\t\t\t\t\t\t\t<\/div>\n\t\t\t\t<\/div>\n\t\t\t\t<div class=\"elementor-element elementor-element-044457f contact-svg elementor-widget elementor-widget-button\" data-id=\"044457f\" data-element_type=\"widget\" data-e-type=\"widget\" data-widget_type=\"button.default\">\n\t\t\t\t<div class=\"elementor-widget-container\">\n\t\t\t\t\t\t\t\t\t<div class=\"elementor-button-wrapper\">\n\t\t\t\t\t<a class=\"elementor-button elementor-button-link elementor-size-sm\" href=\"https:\/\/vgrealty.com\/contact\/\">\n\t\t\t\t\t\t<span class=\"elementor-button-content-wrapper\">\n\t\t\t\t\t\t<span class=\"elementor-button-icon\">\n\t\t\t\t<svg xmlns=\"http:\/\/www.w3.org\/2000\/svg\" width=\"42\" height=\"43\" viewBox=\"0 0 42 43\" fill=\"none\"><circle cx=\"21\" cy=\"21.5\" r=\"21\" fill=\"white\" fill-opacity=\"0.2\"><\/circle><g clip-path=\"url(#clip0_471_310)\"><path d=\"M31.9842 9.53956L9.53297 16.8757C8.89892 17.0829 8.80722 17.9454 9.38428 18.2809L17.8688 23.2145C18.1365 23.3701 18.471 23.3514 18.7195 23.1668L21.1046 21.3955L19.3334 23.7806C19.1488 24.0292 19.13 24.3637 19.2856 24.6314L24.2192 33.1159C24.5551 33.6934 25.4174 33.6007 25.6244 32.9672L32.9606 10.516C33.1574 9.91315 32.5841 9.3434 31.9842 9.53956ZM24.6892 30.8439L20.8806 24.2941L25.4731 18.1101C25.7019 17.8018 25.6704 17.3725 25.399 17.1011C25.1276 16.8296 24.6981 16.7981 24.39 17.0269L18.206 21.6195L11.6562 17.8108L31.0149 11.4852L24.6892 30.8439ZM17.1284 26.4665L11.988 31.6069C11.6857 31.9091 11.1955 31.9092 10.8932 31.6069C10.5908 31.3046 10.5908 30.8144 10.8932 30.512L16.0336 25.3716C16.336 25.0694 16.8262 25.0693 17.1284 25.3716C17.4308 25.6739 17.4308 26.1641 17.1284 26.4665ZM10.3375 26.661C10.0351 26.3586 10.0351 25.8685 10.3375 25.5661L12.3658 23.5377C12.6682 23.2354 13.1584 23.2354 13.4607 23.5377C13.763 23.8401 13.763 24.3303 13.4607 24.6326L11.4323 26.661C11.1301 26.9632 10.6398 26.9633 10.3375 26.661ZM18.9623 29.0394C19.2647 29.3417 19.2647 29.8319 18.9623 30.1342L16.9339 32.1625C16.7828 32.3137 16.5846 32.3893 16.3865 32.3893C15.703 32.3893 15.3501 31.5567 15.8391 31.0677L17.8675 29.0394C18.1698 28.737 18.66 28.737 18.9623 29.0394Z\" fill=\"white\" fill-opacity=\"0.5\"><\/path><\/g><defs><clipPath id=\"clip0_471_310\"><rect width=\"24\" height=\"24\" fill=\"white\" transform=\"translate(9 9.5)\"><\/rect><\/clipPath><\/defs><\/svg>\t\t\t<\/span>\n\t\t\t\t\t\t\t\t\t<span class=\"elementor-button-text\">Contacta con nosotros<\/span>\n\t\t\t\t\t<\/span>\n\t\t\t\t\t<\/a>\n\t\t\t\t<\/div>\n\t\t\t\t\t\t\t\t<\/div>\n\t\t\t\t<\/div>\n\t\t\t\t<\/div>\n\t\t\t\t\t<\/div>\n\t\t\t\t<\/div>\n\t\t\t\t<\/div>\n\t\t","protected":false},"excerpt":{"rendered":"<p>T\u00edtulo T\u00edtulo grande aqu\u00ed Las propiedades de inversi\u00f3n ofrecen oportunidades excepcionales para crear riqueza, generar ingresos pasivos y alcanzar objetivos [&hellip;]<\/p>\n","protected":false},"author":4,"featured_media":0,"parent":0,"menu_order":0,"comment_status":"closed","ping_status":"closed","template":"","meta":{"_acf_changed":false,"site-sidebar-layout":"no-sidebar","site-content-layout":"","ast-site-content-layout":"full-width-container","site-content-style":"default","site-sidebar-style":"default","ast-global-header-display":"","ast-banner-title-visibility":"","ast-main-header-display":"","ast-hfb-above-header-display":"","ast-hfb-below-header-display":"","ast-hfb-mobile-header-display":"","site-post-title":"disabled","ast-breadcrumbs-content":"","ast-featured-img":"disabled","footer-sml-layout":"","theme-transparent-header-meta":"","adv-header-id-meta":"","stick-header-meta":"","header-above-stick-meta":"","header-main-stick-meta":"","header-below-stick-meta":"","astra-migrate-meta-layouts":"default","ast-page-background-enabled":"default","ast-page-background-meta":{"desktop":{"background-color":"var(--ast-global-color-4)","background-image":"","background-repeat":"repeat","background-position":"center center","background-size":"auto","background-attachment":"scroll","background-type":"","background-media":"","overlay-type":"","overlay-color":"","overlay-opacity":"","overlay-gradient":""},"tablet":{"background-color":"","background-image":"","background-repeat":"repeat","background-position":"center center","background-size":"auto","background-attachment":"scroll","background-type":"","background-media":"","overlay-type":"","overlay-color":"","overlay-opacity":"","overlay-gradient":""},"mobile":{"background-color":"","background-image":"","background-repeat":"repeat","background-position":"center center","background-size":"auto","background-attachment":"scroll","background-type":"","background-media":"","overlay-type":"","overlay-color":"","overlay-opacity":"","overlay-gradient":""}},"ast-content-background-meta":{"desktop":{"background-color":"var(--ast-global-color-5)","background-image":"","background-repeat":"repeat","background-position":"center center","background-size":"auto","background-attachment":"scroll","background-type":"","background-media":"","overlay-type":"","overlay-color":"","overlay-opacity":"","overlay-gradient":""},"tablet":{"background-color":"var(--ast-global-color-5)","background-image":"","background-repeat":"repeat","background-position":"center center","background-size":"auto","background-attachment":"scroll","background-type":"","background-media":"","overlay-type":"","overlay-color":"","overlay-opacity":"","overlay-gradient":""},"mobile":{"background-color":"var(--ast-global-color-5)","background-image":"","background-repeat":"repeat","background-position":"center center","background-size":"auto","background-attachment":"scroll","background-type":"","background-media":"","overlay-type":"","overlay-color":"","overlay-opacity":"","overlay-gradient":""}},"footnotes":""},"class_list":["post-3903","page","type-page","status-publish","hentry"],"acf":[],"yoast_head":"<!-- This site is optimized with the Yoast SEO plugin v27.5 - https:\/\/yoast.com\/product\/yoast-seo-wordpress\/ -->\n<title>P\u00e1gina en blanco - Vandan Gandhi, CCIM<\/title>\n<meta name=\"robots\" content=\"index, follow, max-snippet:-1, max-image-preview:large, max-video-preview:-1\" \/>\n<link rel=\"canonical\" href=\"https:\/\/vgrealty.com\/es\/pagina-en-blanco\/\" \/>\n<meta property=\"og:locale\" content=\"es_ES\" \/>\n<meta property=\"og:type\" content=\"article\" \/>\n<meta property=\"og:title\" content=\"P\u00e1gina en blanco - Vandan Gandhi, CCIM\" \/>\n<meta property=\"og:description\" content=\"T\u00edtulo T\u00edtulo grande aqu\u00ed Las propiedades de inversi\u00f3n ofrecen oportunidades excepcionales para crear riqueza, generar ingresos pasivos y alcanzar objetivos [&hellip;]\" \/>\n<meta property=\"og:url\" content=\"https:\/\/vgrealty.com\/es\/pagina-en-blanco\/\" \/>\n<meta property=\"og:site_name\" content=\"Vandan Gandhi, CCIM\" \/>\n<meta property=\"article:modified_time\" content=\"2025-06-26T11:25:37+00:00\" \/>\n<meta name=\"twitter:card\" content=\"summary_large_image\" \/>\n<meta name=\"twitter:label1\" content=\"Tiempo de lectura\" \/>\n\t<meta name=\"twitter:data1\" content=\"2 minutos\" \/>\n<script type=\"application\/ld+json\" class=\"yoast-schema-graph\">{\"@context\":\"https:\\\/\\\/schema.org\",\"@graph\":[{\"@type\":\"WebPage\",\"@id\":\"https:\\\/\\\/vgrealty.com\\\/es\\\/pagina-en-blanco\\\/\",\"url\":\"https:\\\/\\\/vgrealty.com\\\/es\\\/pagina-en-blanco\\\/\",\"name\":\"P\u00e1gina en blanco - Vandan Gandhi, CCIM\",\"isPartOf\":{\"@id\":\"https:\\\/\\\/vgrealty.com\\\/es\\\/#website\"},\"datePublished\":\"2025-01-27T05:25:07+00:00\",\"dateModified\":\"2025-06-26T11:25:37+00:00\",\"breadcrumb\":{\"@id\":\"https:\\\/\\\/vgrealty.com\\\/es\\\/pagina-en-blanco\\\/#breadcrumb\"},\"inLanguage\":\"es\",\"potentialAction\":[{\"@type\":\"ReadAction\",\"target\":[\"https:\\\/\\\/vgrealty.com\\\/es\\\/pagina-en-blanco\\\/\"]}]},{\"@type\":\"BreadcrumbList\",\"@id\":\"https:\\\/\\\/vgrealty.com\\\/es\\\/pagina-en-blanco\\\/#breadcrumb\",\"itemListElement\":[{\"@type\":\"ListItem\",\"position\":1,\"name\":\"Inicio\",\"item\":\"https:\\\/\\\/vgrealty.com\\\/es\\\/\"},{\"@type\":\"ListItem\",\"position\":2,\"name\":\"P\u00e1gina en blanco\"}]},{\"@type\":\"WebSite\",\"@id\":\"https:\\\/\\\/vgrealty.com\\\/es\\\/#website\",\"url\":\"https:\\\/\\\/vgrealty.com\\\/es\\\/\",\"name\":\"Vandan Gandhi, CCIM\",\"description\":\"Tu socio inmobiliario comercial de confianza\",\"potentialAction\":[{\"@type\":\"SearchAction\",\"target\":{\"@type\":\"EntryPoint\",\"urlTemplate\":\"https:\\\/\\\/vgrealty.com\\\/es\\\/?s={search_term_string}\"},\"query-input\":{\"@type\":\"PropertyValueSpecification\",\"valueRequired\":true,\"valueName\":\"search_term_string\"}}],\"inLanguage\":\"es\"}]}<\/script>\n<!-- \/ Yoast SEO plugin. -->","yoast_head_json":{"title":"P\u00e1gina en blanco - Vandan Gandhi, CCIM","robots":{"index":"index","follow":"follow","max-snippet":"max-snippet:-1","max-image-preview":"max-image-preview:large","max-video-preview":"max-video-preview:-1"},"canonical":"https:\/\/vgrealty.com\/es\/pagina-en-blanco\/","og_locale":"es_ES","og_type":"article","og_title":"P\u00e1gina en blanco - Vandan Gandhi, CCIM","og_description":"T\u00edtulo T\u00edtulo grande aqu\u00ed Las propiedades de inversi\u00f3n ofrecen oportunidades excepcionales para crear riqueza, generar ingresos pasivos y alcanzar objetivos [&hellip;]","og_url":"https:\/\/vgrealty.com\/es\/pagina-en-blanco\/","og_site_name":"Vandan Gandhi, CCIM","article_modified_time":"2025-06-26T11:25:37+00:00","twitter_card":"summary_large_image","twitter_misc":{"Tiempo de lectura":"2 minutos"},"schema":{"@context":"https:\/\/schema.org","@graph":[{"@type":"WebPage","@id":"https:\/\/vgrealty.com\/es\/pagina-en-blanco\/","url":"https:\/\/vgrealty.com\/es\/pagina-en-blanco\/","name":"P\u00e1gina en blanco - Vandan Gandhi, CCIM","isPartOf":{"@id":"https:\/\/vgrealty.com\/es\/#website"},"datePublished":"2025-01-27T05:25:07+00:00","dateModified":"2025-06-26T11:25:37+00:00","breadcrumb":{"@id":"https:\/\/vgrealty.com\/es\/pagina-en-blanco\/#breadcrumb"},"inLanguage":"es","potentialAction":[{"@type":"ReadAction","target":["https:\/\/vgrealty.com\/es\/pagina-en-blanco\/"]}]},{"@type":"BreadcrumbList","@id":"https:\/\/vgrealty.com\/es\/pagina-en-blanco\/#breadcrumb","itemListElement":[{"@type":"ListItem","position":1,"name":"Inicio","item":"https:\/\/vgrealty.com\/es\/"},{"@type":"ListItem","position":2,"name":"P\u00e1gina en blanco"}]},{"@type":"WebSite","@id":"https:\/\/vgrealty.com\/es\/#website","url":"https:\/\/vgrealty.com\/es\/","name":"Vandan Gandhi, CCIM","description":"Tu socio inmobiliario comercial de confianza","potentialAction":[{"@type":"SearchAction","target":{"@type":"EntryPoint","urlTemplate":"https:\/\/vgrealty.com\/es\/?s={search_term_string}"},"query-input":{"@type":"PropertyValueSpecification","valueRequired":true,"valueName":"search_term_string"}}],"inLanguage":"es"}]}},"_links":{"self":[{"href":"https:\/\/vgrealty.com\/es\/wp-json\/wp\/v2\/pages\/3903","targetHints":{"allow":["GET"]}}],"collection":[{"href":"https:\/\/vgrealty.com\/es\/wp-json\/wp\/v2\/pages"}],"about":[{"href":"https:\/\/vgrealty.com\/es\/wp-json\/wp\/v2\/types\/page"}],"author":[{"embeddable":true,"href":"https:\/\/vgrealty.com\/es\/wp-json\/wp\/v2\/users\/4"}],"replies":[{"embeddable":true,"href":"https:\/\/vgrealty.com\/es\/wp-json\/wp\/v2\/comments?post=3903"}],"version-history":[{"count":1,"href":"https:\/\/vgrealty.com\/es\/wp-json\/wp\/v2\/pages\/3903\/revisions"}],"predecessor-version":[{"id":3905,"href":"https:\/\/vgrealty.com\/es\/wp-json\/wp\/v2\/pages\/3903\/revisions\/3905"}],"wp:attachment":[{"href":"https:\/\/vgrealty.com\/es\/wp-json\/wp\/v2\/media?parent=3903"}],"curies":[{"name":"wp","href":"https:\/\/api.w.org\/{rel}","templated":true}]}}